{"id":5040,"date":"2020-10-27T10:48:22","date_gmt":"2020-10-27T09:48:22","guid":{"rendered":"https:\/\/as-drives.com\/sales-agents\/"},"modified":"2025-02-13T07:12:34","modified_gmt":"2025-02-13T06:12:34","slug":"contact-sales-agents","status":"publish","type":"page","link":"https:\/\/as-drives.com\/en\/company\/contact-sales-agents\/","title":{"rendered":"Sales Agents"},"content":{"rendered":"<div class=\"wpb-content-wrapper\"><p>[vc_row css_animation=&#8221;&#8221; row_type=&#8221;row&#8221; use_row_as_full_screen_section=&#8221;no&#8221; type=&#8221;full_width&#8221; angled_section=&#8221;no&#8221; text_align=&#8221;left&#8221; background_image_as_pattern=&#8221;without_pattern&#8221; z_index=&#8221;&#8221; css=&#8221;.vc_custom_1599505977954{padding-top: 16% !important;padding-bottom: 16% !important;background-image: url(https:\/\/as-drives.com\/wp-content\/uploads\/2020\/09\/as-drives-header-mittelstand-vertretungen.jpg?id=4108) !important;}&#8221;][vc_column][vc_column_text]<\/p>\n<h5 style=\"text-align: center;\"><strong><span style=\"color: #ffffff;\"><span style=\"caret-color: #ffffff;\">Closeness means being there<\/span><\/span><\/strong><\/h5>\n<p>[\/vc_column_text][\/vc_column][\/vc_row][vc_row css_animation=&#8221;&#8221; row_type=&#8221;row&#8221; use_row_as_full_screen_section=&#8221;no&#8221; type=&#8221;grid&#8221; angled_section=&#8221;no&#8221; text_align=&#8221;left&#8221; background_image_as_pattern=&#8221;without_pattern&#8221; css=&#8221;.vc_custom_1572793566831{padding-top: 85px !important;}&#8221; z_index=&#8221;&#8221;][vc_column width=&#8221;1\/6&#8243;][\/vc_column][vc_column width=&#8221;2\/3&#8243;][vc_column_text]<\/p>\n<h1 style=\"text-align: center;\">Our agencies are there for you<\/h1>\n<p>[\/vc_column_text][vc_separator type=&#8221;small&#8221; position=&#8221;center&#8221; color=&#8221;#c4151c&#8221; thickness=&#8221;2&#8243; up=&#8221;8&#8243; down=&#8221;8&#8243; width=&#8221;65&#8243;][vc_empty_space height=&#8221;12px&#8221;][vc_column_text]<\/p>\n<p style=\"text-align: center;\">Our local staff will be happy to advise you on how you can make your machine more profitable.<\/p>\n<p>[\/vc_column_text][vc_empty_space height=&#8221;26px&#8221;][\/vc_column][vc_column width=&#8221;1\/6&#8243;][\/vc_column][\/vc_row][vc_row css_animation=&#8221;&#8221; row_type=&#8221;row&#8221; use_row_as_full_screen_section=&#8221;no&#8221; type=&#8221;grid&#8221; angled_section=&#8221;no&#8221; text_align=&#8221;left&#8221; background_image_as_pattern=&#8221;without_pattern&#8221; z_index=&#8221;&#8221; css=&#8221;.vc_custom_1587104357812{padding-top: 85px !important;padding-bottom: 85px !important;background-color: #ffffff !important;}&#8221;][vc_column][vc_row_inner row_type=&#8221;row&#8221; type=&#8221;full_width&#8221; text_align=&#8221;left&#8221; css_animation=&#8221;&#8221;][vc_column_inner][\/vc_column_inner][\/vc_row_inner][vc_row_inner row_type=&#8221;row&#8221; type=&#8221;full_width&#8221; text_align=&#8221;left&#8221; css_animation=&#8221;&#8221;][vc_column_inner width=&#8221;1\/3&#8243;][vc_empty_space][vc_single_image image=&#8221;4540&#8243; img_size=&#8221;medium&#8221; qode_css_animation=&#8221;&#8221;][vc_column_text]<\/p>\n<h4><strong>Belgium<\/strong><\/h4>\n<p>[\/vc_column_text][vc_column_text css=&#8221;&#8221;]Henk de Bruyn b.v.<\/p>\n<p>Mr. Guus Brummel<\/p>\n<p>Laarseweg 22 8171<\/p>\n<p>PR Vaassen Netherlands<\/p>\n<p>Tel.: +31 (0578) 579200<\/p>\n<p>guus@henkdebruyn.nl<\/p>\n<p><a href=\"https:\/\/www.henkdebruyn.nl\" target=\"_blank\" rel=\"noopener noreferrer\">https:\/\/www.henkdebruyn.nl<\/a>[\/vc_column_text][vc_empty_space][\/vc_column_inner][vc_column_inner width=&#8221;1\/3&#8243;][vc_empty_space][vc_single_image image=&#8221;4539&#8243; img_size=&#8221;medium&#8221; qode_css_animation=&#8221;&#8221;][vc_column_text]<\/p>\n<h4><strong>Bosnia Herzegowina<\/strong><\/h4>\n<p>[\/vc_column_text][vc_column_text css=&#8221;&#8221;]Goled d.o.o.<\/p>\n<p>Mr. Zoran Rasidkadic<\/p>\n<p>Savska 3\/12 Zagreb Hrvatska<\/p>\n<p>Tel.: +385 (1) 4829 536<\/p>\n<p>goled@goled.hr<\/p>\n<p>www.goled.hr[\/vc_column_text][vc_empty_space][\/vc_column_inner][vc_column_inner width=&#8221;1\/3&#8243;][vc_empty_space][vc_single_image image=&#8221;4541&#8243; img_size=&#8221;medium&#8221; qode_css_animation=&#8221;&#8221;][vc_column_text]<\/p>\n<h4><strong>China<\/strong><\/h4>\n<p>[\/vc_column_text][vc_column_text css=&#8221;&#8221;]Kandas International Ltd.<\/p>\n<p>Mr. Allen Cao LiDong<\/p>\n<p>Garden, 112 Jie Fang Road, JiNan, Shangdong, P.R.C.<\/p>\n<p>Tel.: 0531-86555157 86560981<\/p>\n<p><a href=\"mailto:allen.cao@kandasintl.com\" target=\"_blank\" rel=\"noopener noreferrer\">allen.cao@kandasintl.com<\/a><\/p>\n<p>https:\/\/www.kandas.com.tw[\/vc_column_text][vc_empty_space][\/vc_column_inner][\/vc_row_inner][vc_row_inner row_type=&#8221;row&#8221; type=&#8221;full_width&#8221; text_align=&#8221;left&#8221; css_animation=&#8221;&#8221;][vc_column_inner width=&#8221;1\/3&#8243;][vc_empty_space][vc_single_image image=&#8221;4539&#8243; img_size=&#8221;medium&#8221; qode_css_animation=&#8221;&#8221;][vc_column_text]<\/p>\n<h4><strong>Croatia<\/strong><\/h4>\n<p>[\/vc_column_text][vc_column_text css=&#8221;&#8221;]Goled d.o.o.<\/p>\n<p>Mr. Zoran Rasidkadic<\/p>\n<p>Savska 3\/12 Zagreb Hrvatska<\/p>\n<p>Tel.: +385 (1) 4829 536<\/p>\n<p>goled@goled.hr<\/p>\n<p>www.goled.hr[\/vc_column_text][vc_empty_space][\/vc_column_inner][vc_column_inner width=&#8221;1\/3&#8243;][vc_empty_space][vc_single_image image=&#8221;4538&#8243; img_size=&#8221;medium&#8221; qode_css_animation=&#8221;&#8221;][vc_column_text]<\/p>\n<h4><strong>India<\/strong><\/h4>\n<p>[\/vc_column_text][vc_column_text css=&#8221;&#8221;]Conteq Technologies<\/p>\n<p>Lilac B1\/704, Rose Parade, Off Salunke Vihar Road, Kondhwa, Pune &#8211; 411048 India<\/p>\n<p>Tel.: +91 9843077796<\/p>\n<p><a href=\"mailto:tushar.deshpande@conteq.biz\" target=\"_blank\" rel=\"noopener noreferrer\">tushar.deshpande@conteq.biz<\/a><\/p>\n<p>https:\/\/www.conteq.biz[\/vc_column_text][vc_empty_space][\/vc_column_inner][vc_column_inner width=&#8221;1\/3&#8243;][vc_empty_space][vc_column_text css=&#8221;&#8221;]<\/p>\n<h4><strong>Czech Republic<\/strong><\/h4>\n<p>[\/vc_column_text][vc_column_text css=&#8221;&#8221;]Ing. Marek P\u011btn\u00edk<br \/>\nV Z\u00e1ti\u0161\u00ed 35<\/p>\n<p>413 01 Dob\u0159\u00ed\u0148<\/p>\n<p>Czech Republic<\/p>\n<p>Tel.: +420 736 665 212<\/p>\n<p><a href=\"mailto:marek.petnik@centrum.cz\">marek.petnik@centrum.cz<\/a>[\/vc_column_text][vc_empty_space][\/vc_column_inner][\/vc_row_inner][vc_row_inner row_type=&#8221;row&#8221; type=&#8221;full_width&#8221; text_align=&#8221;left&#8221; css_animation=&#8221;&#8221;][vc_column_inner width=&#8221;1\/3&#8243;][vc_empty_space][vc_single_image image=&#8221;4545&#8243; img_size=&#8221;medium&#8221; qode_css_animation=&#8221;&#8221;][vc_column_text]<\/p>\n<h4><strong>Italy<\/strong><\/h4>\n<p>[\/vc_column_text][vc_column_text css=&#8221;&#8221;]S.B.R. Solutions S.r.l.<\/p>\n<p>Mr. Rodolfo Biolcati Rinaldi<\/p>\n<p>Mr. Danilo Soverini<\/p>\n<p>Via Risorgimento 432\/2A 40069 Zola Predosa (BO) Italy<\/p>\n<p>Tel.: +39\/351\/5712851<\/p>\n<p><a href=\"mailto:rodolfo.biolcatirinaldi@sbrsolutions.it\">rodolfo.biolcatirinaldi@sbrsolutions.it<\/a><\/p>\n<p><a href=\"mailto:danilo.soverini@sbrsolutions.it\">danilo.soverini@sbrsolutions.it<\/a>[\/vc_column_text][vc_empty_space][\/vc_column_inner][vc_column_inner width=&#8221;1\/3&#8243;][vc_empty_space][vc_single_image image=&#8221;4539&#8243; img_size=&#8221;medium&#8221; qode_css_animation=&#8221;&#8221;][vc_column_text]<\/p>\n<h4><strong>Kosovo<\/strong><\/h4>\n<p>[\/vc_column_text][vc_column_text css=&#8221;&#8221;]Goled d.o.o.<\/p>\n<p>Mr. Zoran Rasidkadic<\/p>\n<p>Savska 3\/12 Zagreb Hrvatska<\/p>\n<p>Tel.: +385 (1) 4829 536<\/p>\n<p>goled@goled.hr<\/p>\n<p>www.goled.hr[\/vc_column_text][vc_empty_space][\/vc_column_inner][vc_column_inner width=&#8221;1\/3&#8243;][vc_empty_space][vc_single_image image=&#8221;4539&#8243; img_size=&#8221;medium&#8221; qode_css_animation=&#8221;&#8221;][vc_column_text]<\/p>\n<h4><strong>Montenegro<\/strong><\/h4>\n<p>[\/vc_column_text][vc_column_text css=&#8221;&#8221;]Goled d.o.o. Mr.<\/p>\n<p>Zoran Rasidkadic<\/p>\n<p>Savska 3\/12 Zagreb Hrvatska<\/p>\n<p>Tel.: +385 (1) 4829 536<\/p>\n<p>goled@goled.hr<\/p>\n<p>www.goled.hr[\/vc_column_text][vc_empty_space][\/vc_column_inner][\/vc_row_inner][vc_row_inner row_type=&#8221;row&#8221; type=&#8221;full_width&#8221; text_align=&#8221;left&#8221; css_animation=&#8221;&#8221;][vc_column_inner width=&#8221;1\/3&#8243;][vc_empty_space][vc_single_image image=&#8221;4540&#8243; img_size=&#8221;medium&#8221; qode_css_animation=&#8221;&#8221;][vc_column_text]<\/p>\n<h4><strong>Netherlands<\/strong><\/h4>\n<p>[\/vc_column_text][vc_column_text css=&#8221;&#8221;]Henk de Bruyn b.v.<\/p>\n<p>Mr. Guus Brummel<\/p>\n<p>Laarseweg 22 8171 PR Vaassen Netherlands<\/p>\n<p>Tel.: +31 (0578) 579200<\/p>\n<p>guus@henkdebruyn.nl<\/p>\n<p><a href=\"https:\/\/www.henkdebruyn.nl\" target=\"_blank\" rel=\"noopener noreferrer\">https:\/\/www.henkdebruyn.nl<\/a>[\/vc_column_text][vc_empty_space][\/vc_column_inner][vc_column_inner width=&#8221;1\/3&#8243;][vc_empty_space][vc_column_text]<\/p>\n<h4><strong>Poland<\/strong><\/h4>\n<p>[\/vc_column_text][vc_column_text css=&#8221;&#8221;]<\/p>\n<div class=\"tinymcewysiwyg\">\n<div class=\"tinymcewysiwyg\">\n<p><strong>APA-<\/strong><strong>KANDT<\/strong> \u00a0In\u017c. Krzysztof Jagie\u0142a<br \/>\nul. Lubliniecka 7a<br \/>\nPL 42-772 Gwo\u017adziany<\/p>\n<p>Tel:\u00a0\u00a0\u00a0\u00a0\u00a0\u00a0\u00a0\u00a0\u00a0\u00a0 +48 34 35 34 945<br \/>\nTel. mobil: +48 509 162 059<br \/>\nEmail:<a href=\"mailto:krzysztof.jagiela@apa-kandt.pl\">krzysztof.jagiela@apa-kandt.pl<\/a><\/p>\n<p>Strona int.: <a href=\"http:\/\/www.apa-kandt.pl\">www.apa-kandt.pl<\/a><\/p>\n<\/div>\n<\/div>\n<p>[\/vc_column_text][vc_empty_space][\/vc_column_inner][vc_column_inner width=&#8221;1\/3&#8243;][vc_empty_space][vc_single_image image=&#8221;4537&#8243; img_size=&#8221;medium&#8221; qode_css_animation=&#8221;&#8221;][vc_column_text]<\/p>\n<h4><strong>Portugal<\/strong><\/h4>\n<p>[\/vc_column_text][vc_column_text css=&#8221;&#8221;]<\/p>\n<div class=\"tinymcewysiwyg\">CELPAP EQUIPOS, S.L. C\/<\/div>\n<div class=\"tinymcewysiwyg\">Amposta, 14-18 08174 Sant Cugat del Vall\u00e9s (Barcelona)<\/div>\n<div class=\"tinymcewysiwyg\">Tel. +34-93 415 18 75<\/div>\n<div class=\"tinymcewysiwyg\">celpap@celpap.com<\/div>\n<div class=\"tinymcewysiwyg\">www.celpap.com<\/div>\n<p>[\/vc_column_text][vc_empty_space][\/vc_column_inner][\/vc_row_inner][vc_row_inner row_type=&#8221;row&#8221; type=&#8221;full_width&#8221; text_align=&#8221;left&#8221; css_animation=&#8221;&#8221;][vc_column_inner width=&#8221;1\/3&#8243;][vc_empty_space][vc_single_image image=&#8221;6628&#8243; img_size=&#8221;medium&#8221; qode_css_animation=&#8221;&#8221;][vc_column_text]<\/p>\n<h4><strong>Republic of Macedonia<br \/>\n<\/strong><\/h4>\n<p>[\/vc_column_text][vc_column_text css=&#8221;&#8221;]<\/p>\n<div class=\"tinymcewysiwyg\">\n<div class=\"tinymcewysiwyg\">\n<div class=\"wpb_text_column wpb_content_element \">\n<div class=\"wpb_wrapper\">\n<p>Goled d.o.o.<\/p>\n<p>Mr. Zoran Rasidkadic<\/p>\n<p>Savska 3\/12 Zagreb Hrvatska<\/p>\n<p>Tel.: +385 (1) 4829 536<\/p>\n<p>goled@goled.hr<\/p>\n<p>www.goled.hr<\/p>\n<\/div>\n<\/div>\n<p>&nbsp;<\/p>\n<\/div>\n<\/div>\n<p>[\/vc_column_text][vc_empty_space][\/vc_column_inner][vc_column_inner width=&#8221;1\/3&#8243;][vc_empty_space][vc_single_image image=&#8221;6628&#8243; img_size=&#8221;medium&#8221; qode_css_animation=&#8221;&#8221;][vc_column_text]<\/p>\n<h4><strong>Serbia<\/strong><\/h4>\n<p>[\/vc_column_text][vc_column_text css=&#8221;&#8221;]<\/p>\n<div class=\"tinymcewysiwyg\">\n<div class=\"tinymcewysiwyg\">\n<div class=\"wpb_text_column wpb_content_element \">\n<div class=\"wpb_wrapper\">\n<p>Goled d.o.o.<\/p>\n<p>Mr. Zoran Rasidkadic<\/p>\n<p>Savska 3\/12 Zagreb Hrvatska<\/p>\n<p>Tel.: +385 (1) 4829 536<\/p>\n<p>goled@goled.hr<\/p>\n<p>www.goled.hr<\/p>\n<\/div>\n<\/div>\n<p>&nbsp;<\/p>\n<\/div>\n<\/div>\n<p>[\/vc_column_text][vc_empty_space][\/vc_column_inner][vc_column_inner width=&#8221;1\/3&#8243;][vc_empty_space][vc_column_text]<\/p>\n<h4><strong>Slovakia<\/strong><\/h4>\n<p>[\/vc_column_text][vc_column_text css=&#8221;&#8221;]<\/p>\n<div class=\"tinymcewysiwyg\">\n<div class=\"tinymcewysiwyg\">\n<div class=\"wpb_text_column wpb_content_element \">\n<div class=\"wpb_wrapper\">\n<div class=\"wpb_text_column wpb_content_element \">\n<div class=\"wpb_wrapper\">\n<div class=\"tinymcewysiwyg\">\n<p>Stefan Barka<\/p>\n<p>Barka Trading<\/p>\n<p>Stredn\u00e1\u00a0 Revuca 518<\/p>\n<p>034 74 Liptovsk\u00e9 Rev\u00face<\/p>\n<p>Email: <a href=\"mailto:barka@nextra.sk\">barka@nextra.sk<\/a><\/p>\n<p>Mobil:0905243168<\/p>\n<\/div>\n<\/div>\n<\/div>\n<\/div>\n<\/div>\n<p>&nbsp;<\/p>\n<\/div>\n<\/div>\n<p>[\/vc_column_text][vc_empty_space][\/vc_column_inner][\/vc_row_inner][vc_row_inner row_type=&#8221;row&#8221; type=&#8221;full_width&#8221; text_align=&#8221;left&#8221; css_animation=&#8221;&#8221;][vc_column_inner width=&#8221;1\/3&#8243;][vc_empty_space][vc_single_image image=&#8221;4539&#8243; img_size=&#8221;medium&#8221; qode_css_animation=&#8221;&#8221;][vc_column_text]<\/p>\n<h4><strong>Slovenia<\/strong><\/h4>\n<p>[\/vc_column_text][vc_column_text css=&#8221;&#8221;]Goled d.o.o.<\/p>\n<p>Mr. Zoran Rasidkadic<\/p>\n<p>Savska 3\/12 Zagreb Hrvatska<\/p>\n<p>Tel.: +385 (1) 4829 536<\/p>\n<p>goled@goled.hr<\/p>\n<p>www.goled.hr[\/vc_column_text][vc_empty_space][\/vc_column_inner][vc_column_inner width=&#8221;1\/3&#8243;][vc_empty_space][vc_single_image image=&#8221;4537&#8243; img_size=&#8221;medium&#8221; qode_css_animation=&#8221;&#8221;][vc_column_text]<\/p>\n<h4><strong>Spain<\/strong><\/h4>\n<p>[\/vc_column_text][vc_column_text css=&#8221;&#8221;]<\/p>\n<div class=\"tinymcewysiwyg\">\n<div class=\"tinymcewysiwyg\">CELPAP EQUIPOS, S.L. C\/<\/div>\n<div class=\"tinymcewysiwyg\">Amposta, 14-18 08174 Sant Cugat del Vall\u00e9s (Barcelona)<\/div>\n<div class=\"tinymcewysiwyg\">Tel. +34-93 415 18 75<\/div>\n<div class=\"tinymcewysiwyg\">celpap@celpap.com<\/div>\n<div class=\"tinymcewysiwyg\">www.celpap.com<\/div>\n<\/div>\n<p>[\/vc_column_text][vc_empty_space][\/vc_column_inner][vc_column_inner width=&#8221;1\/3&#8243;][vc_empty_space][vc_single_image image=&#8221;6557&#8243; img_size=&#8221;medium&#8221; qode_css_animation=&#8221;&#8221;][vc_column_text]<\/p>\n<h4><strong>Sweden <\/strong><\/h4>\n<p>[\/vc_column_text][vc_column_text css=&#8221;&#8221;]<\/p>\n<div class=\"tinymcewysiwyg\">\n<div class=\"tinymcewysiwyg\">\n<p>PapPro AB<\/p>\n<p>Mr. Johan Stenlund<\/p>\n<p>Robert Carricks v\u00e4g 16 818 33 VALBO<\/p>\n<p>Tel.: +46 70 &#8211; 206 12 00<\/p>\n<p><a href=\"mailto:johan@pappro.se\" target=\"\" rel=\"noopener\" data-cke-saved-href=\"mailto:johan@pappro.se\">johan@pappro.se<\/a><\/p>\n<p><a href=\"https:\/\/www.pappro.se\/\">https:\/\/www.pappro.se\/<\/a><\/p>\n<\/div>\n<\/div>\n<p>[\/vc_column_text][vc_empty_space][\/vc_column_inner][\/vc_row_inner][vc_row_inner row_type=&#8221;row&#8221; type=&#8221;full_width&#8221; text_align=&#8221;left&#8221; css_animation=&#8221;&#8221;][vc_column_inner width=&#8221;1\/3&#8243;][vc_empty_space][vc_single_image image=&#8221;7225&#8243; img_size=&#8221;medium&#8221; css=&#8221;&#8221; qode_css_animation=&#8221;&#8221;][vc_column_text css=&#8221;&#8221;]<\/p>\n<h4><strong>Switzerland<\/strong><\/h4>\n<p>[\/vc_column_text][vc_column_text css=&#8221;&#8221;]<\/p>\n<div class=\"tinymcewysiwyg\">EMA GmbH<\/div>\n<div>Dipl.-Ing. Stefan Bender<\/div>\n<div>Aelbetenweg 30<\/div>\n<div>8706 Meilen<\/div>\n<div>Tel.: +41 680 46 00<\/div>\n<div>emagmbh@bluewin.ch<\/div>\n<div>www.emagmbh.ch<\/div>\n<p>[\/vc_column_text][vc_empty_space][\/vc_column_inner][vc_column_inner width=&#8221;1\/3&#8243;][vc_empty_space][vc_single_image image=&#8221;4543&#8243; img_size=&#8221;medium&#8221; qode_css_animation=&#8221;&#8221;][vc_column_text]<\/p>\n<h4><strong>T\u00fcrkiye<\/strong><\/h4>\n<p>[\/vc_column_text][vc_column_text css=&#8221;&#8221;]<\/p>\n<div class=\"tinymcewysiwyg\">MC Mekanik<\/div>\n<div class=\"tinymcewysiwyg\">Mr. Resit G\u00f6ren<\/div>\n<div class=\"tinymcewysiwyg\">Hurdacilar Sitesi 1423 Sokak No. 2 Dognlar Bornova \/ Izmir<\/div>\n<div class=\"tinymcewysiwyg\">Tel.: +90 (535) 326 27 98<\/div>\n<div class=\"tinymcewysiwyg\">mcmak@mcmekanik.com<\/div>\n<div class=\"tinymcewysiwyg\">www.mcmekanik.com<\/div>\n<p>[\/vc_column_text][vc_empty_space][\/vc_column_inner][vc_column_inner][\/vc_column_inner][\/vc_row_inner][\/vc_column][\/vc_row]<\/p>\n<\/div>","protected":false},"excerpt":{"rendered":"<p>[vc_row css_animation=&#8221;&#8221; row_type=&#8221;row&#8221; use_row_as_full_screen_section=&#8221;no&#8221; type=&#8221;full_width&#8221; angled_section=&#8221;no&#8221; text_align=&#8221;left&#8221; background_image_as_pattern=&#8221;without_pattern&#8221; z_index=&#8221;&#8221; css=&#8221;.vc_custom_1599505977954{padding-top: 16% !important;padding-bottom: 16% !important;background-image: url(https:\/\/as-drives.com\/wp-content\/uploads\/2020\/09\/as-drives-header-mittelstand-vertretungen.jpg?id=4108) !important;}&#8221;][vc_column][vc_column_text] Closeness means being there [\/vc_column_text][\/vc_column][\/vc_row][vc_row css_animation=&#8221;&#8221; row_type=&#8221;row&#8221; use_row_as_full_screen_section=&#8221;no&#8221; type=&#8221;grid&#8221; angled_section=&#8221;no&#8221; text_align=&#8221;left&#8221; background_image_as_pattern=&#8221;without_pattern&#8221; css=&#8221;.vc_custom_1572793566831{padding-top: 85px !important;}&#8221; z_index=&#8221;&#8221;][vc_column width=&#8221;1\/6&#8243;][\/vc_column][vc_column width=&#8221;2\/3&#8243;][vc_column_text] Our agencies are there for you [\/vc_column_text][vc_separator type=&#8221;small&#8221; position=&#8221;center&#8221; color=&#8221;#c4151c&#8221; thickness=&#8221;2&#8243;&#8230;<\/p>\n","protected":false},"author":2,"featured_media":0,"parent":5032,"menu_order":0,"comment_status":"closed","ping_status":"closed","template":"full_width.php","meta":{"footnotes":""},"class_list":["post-5040","page","type-page","status-publish","hentry"],"yoast_head":"<!-- This site is optimized with the Yoast SEO plugin v27.4 - https:\/\/yoast.com\/product\/yoast-seo-wordpress\/ -->\n<title>Sales Agents - AS Drives &amp; Services GmbH<\/title>\n<meta name=\"description\" content=\"Here you will find - worldwide - our contact persons in your vicinity when it comes to drive systems, industrial gear units &amp; Co.\" \/>\n<meta name=\"robots\" content=\"index, follow, max-snippet:-1, max-image-preview:large, max-video-preview:-1\" \/>\n<link rel=\"canonical\" href=\"https:\/\/as-drives.com\/en\/company\/contact-sales-agents\/\" \/>\n<meta property=\"og:locale\" content=\"en_US\" \/>\n<meta property=\"og:type\" content=\"article\" \/>\n<meta property=\"og:title\" content=\"Sales Agents - AS Drives &amp; Services GmbH\" \/>\n<meta property=\"og:description\" content=\"Here you will find - worldwide - our contact persons in your vicinity when it comes to drive systems, industrial gear units &amp; Co.\" \/>\n<meta property=\"og:url\" content=\"https:\/\/as-drives.com\/en\/company\/contact-sales-agents\/\" \/>\n<meta property=\"og:site_name\" content=\"AS Drives &amp; Services GmbH\" \/>\n<meta property=\"article:publisher\" content=\"https:\/\/de-de.facebook.com\/as.drives\/\" \/>\n<meta property=\"article:modified_time\" content=\"2025-02-13T06:12:34+00:00\" \/>\n<meta name=\"twitter:card\" content=\"summary_large_image\" \/>\n<meta name=\"twitter:label1\" content=\"Est. reading time\" \/>\n\t<meta name=\"twitter:data1\" content=\"3 minutes\" \/>\n<script type=\"application\/ld+json\" class=\"yoast-schema-graph\">{\"@context\":\"https:\\\/\\\/schema.org\",\"@graph\":[{\"@type\":\"WebPage\",\"@id\":\"https:\\\/\\\/as-drives.com\\\/en\\\/company\\\/contact-sales-agents\\\/\",\"url\":\"https:\\\/\\\/as-drives.com\\\/en\\\/company\\\/contact-sales-agents\\\/\",\"name\":\"Sales Agents - AS Drives &amp; Services GmbH\",\"isPartOf\":{\"@id\":\"https:\\\/\\\/as-drives.com\\\/#website\"},\"datePublished\":\"2020-10-27T09:48:22+00:00\",\"dateModified\":\"2025-02-13T06:12:34+00:00\",\"description\":\"Here you will find - worldwide - our contact persons in your vicinity when it comes to drive systems, industrial gear units & Co.\",\"breadcrumb\":{\"@id\":\"https:\\\/\\\/as-drives.com\\\/en\\\/company\\\/contact-sales-agents\\\/#breadcrumb\"},\"inLanguage\":\"en-US\",\"potentialAction\":[{\"@type\":\"ReadAction\",\"target\":[\"https:\\\/\\\/as-drives.com\\\/en\\\/company\\\/contact-sales-agents\\\/\"]}]},{\"@type\":\"BreadcrumbList\",\"@id\":\"https:\\\/\\\/as-drives.com\\\/en\\\/company\\\/contact-sales-agents\\\/#breadcrumb\",\"itemListElement\":[{\"@type\":\"ListItem\",\"position\":1,\"name\":\"Startseite\",\"item\":\"https:\\\/\\\/as-drives.com\\\/en\\\/\"},{\"@type\":\"ListItem\",\"position\":2,\"name\":\"Company\",\"item\":\"https:\\\/\\\/as-drives.com\\\/en\\\/company\\\/\"},{\"@type\":\"ListItem\",\"position\":3,\"name\":\"Sales Agents\"}]},{\"@type\":\"WebSite\",\"@id\":\"https:\\\/\\\/as-drives.com\\\/#website\",\"url\":\"https:\\\/\\\/as-drives.com\\\/\",\"name\":\"AS Drives &amp; Services GmbH\",\"description\":\"Getriebeinstandsetzung | Industriegetriebe\",\"publisher\":{\"@id\":\"https:\\\/\\\/as-drives.com\\\/#organization\"},\"potentialAction\":[{\"@type\":\"SearchAction\",\"target\":{\"@type\":\"EntryPoint\",\"urlTemplate\":\"https:\\\/\\\/as-drives.com\\\/?s={search_term_string}\"},\"query-input\":{\"@type\":\"PropertyValueSpecification\",\"valueRequired\":true,\"valueName\":\"search_term_string\"}}],\"inLanguage\":\"en-US\"},{\"@type\":\"Organization\",\"@id\":\"https:\\\/\\\/as-drives.com\\\/#organization\",\"name\":\"AS Drives & Services GmbH\",\"url\":\"https:\\\/\\\/as-drives.com\\\/\",\"logo\":{\"@type\":\"ImageObject\",\"inLanguage\":\"en-US\",\"@id\":\"https:\\\/\\\/as-drives.com\\\/#\\\/schema\\\/logo\\\/image\\\/\",\"url\":\"https:\\\/\\\/as-drives.com\\\/wp-content\\\/uploads\\\/2020\\\/07\\\/AS_Signet_International-80-K.jpg\",\"contentUrl\":\"https:\\\/\\\/as-drives.com\\\/wp-content\\\/uploads\\\/2020\\\/07\\\/AS_Signet_International-80-K.jpg\",\"width\":1769,\"height\":1035,\"caption\":\"AS Drives & Services GmbH\"},\"image\":{\"@id\":\"https:\\\/\\\/as-drives.com\\\/#\\\/schema\\\/logo\\\/image\\\/\"},\"sameAs\":[\"https:\\\/\\\/de-de.facebook.com\\\/as.drives\\\/\",\"https:\\\/\\\/www.instagram.com\\\/as_drives\\\/?hl=de\"]}]}<\/script>\n<!-- \/ Yoast SEO plugin. -->","yoast_head_json":{"title":"Sales Agents - AS Drives &amp; Services GmbH","description":"Here you will find - worldwide - our contact persons in your vicinity when it comes to drive systems, industrial gear units & Co.","robots":{"index":"index","follow":"follow","max-snippet":"max-snippet:-1","max-image-preview":"max-image-preview:large","max-video-preview":"max-video-preview:-1"},"canonical":"https:\/\/as-drives.com\/en\/company\/contact-sales-agents\/","og_locale":"en_US","og_type":"article","og_title":"Sales Agents - AS Drives &amp; Services GmbH","og_description":"Here you will find - worldwide - our contact persons in your vicinity when it comes to drive systems, industrial gear units & Co.","og_url":"https:\/\/as-drives.com\/en\/company\/contact-sales-agents\/","og_site_name":"AS Drives &amp; Services GmbH","article_publisher":"https:\/\/de-de.facebook.com\/as.drives\/","article_modified_time":"2025-02-13T06:12:34+00:00","twitter_card":"summary_large_image","twitter_misc":{"Est. reading time":"3 minutes"},"schema":{"@context":"https:\/\/schema.org","@graph":[{"@type":"WebPage","@id":"https:\/\/as-drives.com\/en\/company\/contact-sales-agents\/","url":"https:\/\/as-drives.com\/en\/company\/contact-sales-agents\/","name":"Sales Agents - AS Drives &amp; Services GmbH","isPartOf":{"@id":"https:\/\/as-drives.com\/#website"},"datePublished":"2020-10-27T09:48:22+00:00","dateModified":"2025-02-13T06:12:34+00:00","description":"Here you will find - worldwide - our contact persons in your vicinity when it comes to drive systems, industrial gear units & Co.","breadcrumb":{"@id":"https:\/\/as-drives.com\/en\/company\/contact-sales-agents\/#breadcrumb"},"inLanguage":"en-US","potentialAction":[{"@type":"ReadAction","target":["https:\/\/as-drives.com\/en\/company\/contact-sales-agents\/"]}]},{"@type":"BreadcrumbList","@id":"https:\/\/as-drives.com\/en\/company\/contact-sales-agents\/#breadcrumb","itemListElement":[{"@type":"ListItem","position":1,"name":"Startseite","item":"https:\/\/as-drives.com\/en\/"},{"@type":"ListItem","position":2,"name":"Company","item":"https:\/\/as-drives.com\/en\/company\/"},{"@type":"ListItem","position":3,"name":"Sales Agents"}]},{"@type":"WebSite","@id":"https:\/\/as-drives.com\/#website","url":"https:\/\/as-drives.com\/","name":"AS Drives &amp; Services GmbH","description":"Getriebeinstandsetzung | Industriegetriebe","publisher":{"@id":"https:\/\/as-drives.com\/#organization"},"potentialAction":[{"@type":"SearchAction","target":{"@type":"EntryPoint","urlTemplate":"https:\/\/as-drives.com\/?s={search_term_string}"},"query-input":{"@type":"PropertyValueSpecification","valueRequired":true,"valueName":"search_term_string"}}],"inLanguage":"en-US"},{"@type":"Organization","@id":"https:\/\/as-drives.com\/#organization","name":"AS Drives & Services GmbH","url":"https:\/\/as-drives.com\/","logo":{"@type":"ImageObject","inLanguage":"en-US","@id":"https:\/\/as-drives.com\/#\/schema\/logo\/image\/","url":"https:\/\/as-drives.com\/wp-content\/uploads\/2020\/07\/AS_Signet_International-80-K.jpg","contentUrl":"https:\/\/as-drives.com\/wp-content\/uploads\/2020\/07\/AS_Signet_International-80-K.jpg","width":1769,"height":1035,"caption":"AS Drives & Services GmbH"},"image":{"@id":"https:\/\/as-drives.com\/#\/schema\/logo\/image\/"},"sameAs":["https:\/\/de-de.facebook.com\/as.drives\/","https:\/\/www.instagram.com\/as_drives\/?hl=de"]}]}},"_links":{"self":[{"href":"https:\/\/as-drives.com\/en\/wp-json\/wp\/v2\/pages\/5040","targetHints":{"allow":["GET"]}}],"collection":[{"href":"https:\/\/as-drives.com\/en\/wp-json\/wp\/v2\/pages"}],"about":[{"href":"https:\/\/as-drives.com\/en\/wp-json\/wp\/v2\/types\/page"}],"author":[{"embeddable":true,"href":"https:\/\/as-drives.com\/en\/wp-json\/wp\/v2\/users\/2"}],"replies":[{"embeddable":true,"href":"https:\/\/as-drives.com\/en\/wp-json\/wp\/v2\/comments?post=5040"}],"version-history":[{"count":0,"href":"https:\/\/as-drives.com\/en\/wp-json\/wp\/v2\/pages\/5040\/revisions"}],"up":[{"embeddable":true,"href":"https:\/\/as-drives.com\/en\/wp-json\/wp\/v2\/pages\/5032"}],"wp:attachment":[{"href":"https:\/\/as-drives.com\/en\/wp-json\/wp\/v2\/media?parent=5040"}],"curies":[{"name":"wp","href":"https:\/\/api.w.org\/{rel}","templated":true}]}}